{"id":968,"date":"2024-01-30T11:02:35","date_gmt":"2024-01-30T14:02:35","guid":{"rendered":"https:\/\/ametespacios.com\/?page_id=968"},"modified":"2025-12-10T15:26:49","modified_gmt":"2025-12-10T18:26:49","slug":"salon-de-belleza","status":"publish","type":"page","link":"https:\/\/ametespacios.com\/index.php\/salon-de-belleza\/","title":{"rendered":"Sal\u00f3n de belleza"},"content":{"rendered":"<p>[et_pb_section fb_built=&#8221;1&#8243; _builder_version=&#8221;4.24.0&#8243; _module_preset=&#8221;default&#8221; global_colors_info=&#8221;{}&#8221;][et_pb_row column_structure=&#8221;1_2,1_2&#8243; make_equal=&#8221;on&#8221; _builder_version=&#8221;4.24.0&#8243; _module_preset=&#8221;default&#8221; custom_css_main_element=&#8221;align-self:center;||&#8221; global_colors_info=&#8221;{}&#8221;][et_pb_column type=&#8221;1_2&#8243; _builder_version=&#8221;4.24.0&#8243; _module_preset=&#8221;default&#8221; custom_css_main_element=&#8221;align-self: center; &#8221; global_colors_info=&#8221;{}&#8221;][et_pb_blurb title=&#8221;Sal\u00f3n de belleza LP&#8221; image=&#8221;http:\/\/ametespacios.com\/wp-content\/uploads\/2023\/11\/Amet-insumos-web-09.png&#8221; icon_placement=&#8221;left&#8221; image_icon_width=&#8221;200%&#8221; _builder_version=&#8221;4.24.0&#8243; _module_preset=&#8221;default&#8221; header_level=&#8221;h5&#8243; header_font=&#8221;Nebula bold||||||||&#8221; header_text_color=&#8221;#E7BD44&#8243; header_font_size=&#8221;40px&#8221; body_font=&#8221;Nebula bold||||||||&#8221; body_text_color=&#8221;#E7BD44&#8243; global_colors_info=&#8221;{}&#8221;][\/et_pb_blurb][et_pb_text _builder_version=&#8221;4.24.0&#8243; _module_preset=&#8221;default&#8221; text_font_size=&#8221;18px&#8221; global_colors_info=&#8221;{}&#8221;]<\/p>\n<p><span style=\"font-weight: 400;\">Abordamos este proyecto que no fue solo un cambio de imagen, sino un desaf\u00edo que abrazamos con creatividad. Reformamos una vivienda en un elegante sal\u00f3n de belleza y espacio de trabajo comercial.\u00a0<\/span><\/p>\n<p>[\/et_pb_text][\/et_pb_column][et_pb_column type=&#8221;1_2&#8243; _builder_version=&#8221;4.24.0&#8243; _module_preset=&#8221;default&#8221; global_colors_info=&#8221;{}&#8221;][et_pb_image src=&#8221;http:\/\/ametespacios.com\/wp-content\/uploads\/2024\/01\/Amet-Portfolio_Peluqueria-1.png&#8221; title_text=&#8221;Amet &#8211; Portfolio_Peluquer\u00eda 1&#8243; _builder_version=&#8221;4.24.0&#8243; _module_preset=&#8221;default&#8221; border_radii=&#8221;off|120px|33px|120px|33px&#8221; global_colors_info=&#8221;{}&#8221;][\/et_pb_image][\/et_pb_column][\/et_pb_row][et_pb_row column_structure=&#8221;1_2,1_2&#8243; make_equal=&#8221;on&#8221; _builder_version=&#8221;4.24.0&#8243; _module_preset=&#8221;default&#8221; custom_css_main_element=&#8221;align-self:center;||&#8221; global_colors_info=&#8221;{}&#8221;][et_pb_column type=&#8221;1_2&#8243; _builder_version=&#8221;4.24.0&#8243; _module_preset=&#8221;default&#8221; global_colors_info=&#8221;{}&#8221;][et_pb_image src=&#8221;http:\/\/ametespacios.com\/wp-content\/uploads\/2024\/01\/Amet-Portfolio_Peluqueria-4.png&#8221; title_text=&#8221;Amet &#8211; Portfolio_Peluquer\u00eda 4&#8243; _builder_version=&#8221;4.24.0&#8243; _module_preset=&#8221;default&#8221; border_radii=&#8221;off|75px|20px|25px|20px&#8221; global_colors_info=&#8221;{}&#8221;][\/et_pb_image][\/et_pb_column][et_pb_column type=&#8221;1_2&#8243; _builder_version=&#8221;4.24.0&#8243; _module_preset=&#8221;default&#8221; custom_css_main_element=&#8221;align-self: center; &#8221; global_colors_info=&#8221;{}&#8221;][et_pb_text _builder_version=&#8221;4.24.0&#8243; _module_preset=&#8221;default&#8221; text_font_size=&#8221;18px&#8221; global_colors_info=&#8221;{}&#8221;]<\/p>\n<p><span style=\"font-weight: 400;\">Nos enfocamos en la tarea de ampliar visualmente cada rinc\u00f3n, potenciar la luminosidad y crear una atm\u00f3sfera acogedora.<\/span><\/p>\n<p>[\/et_pb_text][\/et_pb_column][\/et_pb_row][et_pb_row column_structure=&#8221;1_2,1_2&#8243; make_equal=&#8221;on&#8221; _builder_version=&#8221;4.24.0&#8243; _module_preset=&#8221;default&#8221; custom_css_main_element=&#8221;align-self:center;||&#8221; global_colors_info=&#8221;{}&#8221;][et_pb_column type=&#8221;1_2&#8243; _builder_version=&#8221;4.24.0&#8243; _module_preset=&#8221;default&#8221; custom_css_main_element=&#8221;align-self: center; &#8221; global_colors_info=&#8221;{}&#8221;][et_pb_text _builder_version=&#8221;4.24.0&#8243; _module_preset=&#8221;default&#8221; text_font_size=&#8221;18px&#8221; global_colors_info=&#8221;{}&#8221;]<\/p>\n<p><span style=\"font-weight: 400;\">Nuestra misi\u00f3n principal fue asegurarnos de que el espacio refleje la funcionalidad necesaria para cada \u00e1rea del sal\u00f3n donde se llevan a cabo m\u00faltiples actividades, todo en un mismo lugar. Pero eso no es todo, tambi\u00e9n nos sumergimos en la personalidad \u00fanica de nuestro cliente, fusionando nuestra experiencia con su estilo personal. Cada rinc\u00f3n tiene su toque distintivo, reflejando la esencia del propietario y creando un ambiente c\u00e1lido, agradable y moderno para el confort del usuario.<\/span><\/p>\n<p>[\/et_pb_text][\/et_pb_column][et_pb_column type=&#8221;1_2&#8243; _builder_version=&#8221;4.24.0&#8243; _module_preset=&#8221;default&#8221; global_colors_info=&#8221;{}&#8221;][et_pb_image src=&#8221;http:\/\/ametespacios.com\/wp-content\/uploads\/2024\/01\/Amet-Portfolio_Peluqueria-3.png&#8221; title_text=&#8221;Amet &#8211; Portfolio_Peluquer\u00eda 3&#8243; _builder_version=&#8221;4.24.0&#8243; _module_preset=&#8221;default&#8221; border_radii=&#8221;off|75px|20px|75px|20px&#8221; global_colors_info=&#8221;{}&#8221;][\/et_pb_image][\/et_pb_column][\/et_pb_row][et_pb_row _builder_version=&#8221;4.24.0&#8243; _module_preset=&#8221;default&#8221; global_colors_info=&#8221;{}&#8221;][et_pb_column type=&#8221;4_4&#8243; _builder_version=&#8221;4.24.0&#8243; _module_preset=&#8221;default&#8221; global_colors_info=&#8221;{}&#8221;][et_pb_image src=&#8221;http:\/\/ametespacios.com\/wp-content\/uploads\/2024\/01\/Amet-Portfolio_Peluqueria-2-1.png&#8221; title_text=&#8221;Amet &#8211; Portfolio_Peluquer\u00eda 2&#8243; _builder_version=&#8221;4.24.0&#8243; _module_preset=&#8221;default&#8221; border_radii=&#8221;off|75px|75px|20px|20px&#8221; global_colors_info=&#8221;{}&#8221;][\/et_pb_image][\/et_pb_column][\/et_pb_row][\/et_pb_section]<\/p>\n","protected":false},"excerpt":{"rendered":"<p>Abordamos este proyecto que no fue solo un cambio de imagen, sino un desaf\u00edo que abrazamos con creatividad. Reformamos una vivienda en un elegante sal\u00f3n de belleza y espacio de trabajo comercial.\u00a0Nos enfocamos en la tarea de ampliar visualmente cada rinc\u00f3n, potenciar la luminosidad y crear una atm\u00f3sfera acogedora.Nuestra misi\u00f3n principal fue asegurarnos de que [&hellip;]<\/p>\n","protected":false},"author":1,"featured_media":0,"parent":0,"menu_order":0,"comment_status":"closed","ping_status":"closed","template":"","meta":{"_et_pb_use_builder":"on","_et_pb_old_content":"","_et_gb_content_width":"","_uag_custom_page_level_css":"","footnotes":""},"class_list":["post-968","page","type-page","status-publish","hentry"],"uagb_featured_image_src":{"full":false,"thumbnail":false,"medium":false,"medium_large":false,"large":false,"1536x1536":false,"2048x2048":false,"et-pb-post-main-image":false,"et-pb-post-main-image-fullwidth":false,"et-pb-portfolio-image":false,"et-pb-portfolio-module-image":false,"et-pb-portfolio-image-single":false,"et-pb-gallery-module-image-portrait":false,"et-pb-post-main-image-fullwidth-large":false,"et-pb-image--responsive--desktop":false,"et-pb-image--responsive--tablet":false,"et-pb-image--responsive--phone":false},"uagb_author_info":{"display_name":"ametespacios.com","author_link":"https:\/\/ametespacios.com\/index.php\/author\/ametespacios-com\/"},"uagb_comment_info":0,"uagb_excerpt":"Abordamos este proyecto que no fue solo un cambio de imagen, sino un desaf\u00edo que abrazamos con creatividad. Reformamos una vivienda en un elegante sal\u00f3n de belleza y espacio de trabajo comercial.\u00a0Nos enfocamos en la tarea de ampliar visualmente cada rinc\u00f3n, potenciar la luminosidad y crear una atm\u00f3sfera acogedora.Nuestra misi\u00f3n principal fue asegurarnos de que&hellip;","_links":{"self":[{"href":"https:\/\/ametespacios.com\/index.php\/wp-json\/wp\/v2\/pages\/968","targetHints":{"allow":["GET"]}}],"collection":[{"href":"https:\/\/ametespacios.com\/index.php\/wp-json\/wp\/v2\/pages"}],"about":[{"href":"https:\/\/ametespacios.com\/index.php\/wp-json\/wp\/v2\/types\/page"}],"author":[{"embeddable":true,"href":"https:\/\/ametespacios.com\/index.php\/wp-json\/wp\/v2\/users\/1"}],"replies":[{"embeddable":true,"href":"https:\/\/ametespacios.com\/index.php\/wp-json\/wp\/v2\/comments?post=968"}],"version-history":[{"count":6,"href":"https:\/\/ametespacios.com\/index.php\/wp-json\/wp\/v2\/pages\/968\/revisions"}],"predecessor-version":[{"id":1167,"href":"https:\/\/ametespacios.com\/index.php\/wp-json\/wp\/v2\/pages\/968\/revisions\/1167"}],"wp:attachment":[{"href":"https:\/\/ametespacios.com\/index.php\/wp-json\/wp\/v2\/media?parent=968"}],"curies":[{"name":"wp","href":"https:\/\/api.w.org\/{rel}","templated":true}]}}