{"id":952,"date":"2024-01-30T10:59:16","date_gmt":"2024-01-30T13:59:16","guid":{"rendered":"https:\/\/ametespacios.com\/?page_id=952"},"modified":"2024-02-18T12:37:10","modified_gmt":"2024-02-18T15:37:10","slug":"agencia-de-viajes-california","status":"publish","type":"page","link":"https:\/\/ametespacios.com\/index.php\/agencia-de-viajes-california\/","title":{"rendered":"Agencia de Viajes California"},"content":{"rendered":"<p>[et_pb_section fb_built=&#8221;1&#8243; _builder_version=&#8221;4.24.0&#8243; _module_preset=&#8221;default&#8221; global_colors_info=&#8221;{}&#8221;][et_pb_row column_structure=&#8221;1_2,1_2&#8243; make_equal=&#8221;on&#8221; _builder_version=&#8221;4.24.0&#8243; _module_preset=&#8221;default&#8221; custom_css_main_element=&#8221;align-self:center;||&#8221; global_colors_info=&#8221;{}&#8221;][et_pb_column type=&#8221;1_2&#8243; _builder_version=&#8221;4.24.0&#8243; _module_preset=&#8221;default&#8221; custom_css_main_element=&#8221;align-self: center; &#8221; global_colors_info=&#8221;{}&#8221;][et_pb_blurb title=&#8221;Agencia de Viajes California&#8221; image=&#8221;http:\/\/ametespacios.com\/wp-content\/uploads\/2023\/11\/Amet-insumos-web-09.png&#8221; icon_placement=&#8221;left&#8221; image_icon_width=&#8221;200%&#8221; _builder_version=&#8221;4.24.0&#8243; _module_preset=&#8221;default&#8221; header_level=&#8221;h5&#8243; header_font=&#8221;Nebula bold||||||||&#8221; header_text_color=&#8221;#E7BD44&#8243; header_font_size=&#8221;40px&#8221; body_font=&#8221;Nebula bold||||||||&#8221; body_text_color=&#8221;#E7BD44&#8243; global_colors_info=&#8221;{}&#8221;][\/et_pb_blurb][et_pb_text _builder_version=&#8221;4.24.0&#8243; _module_preset=&#8221;default&#8221; text_font_size=&#8221;18px&#8221; hover_enabled=&#8221;0&#8243; global_colors_info=&#8221;{}&#8221; sticky_enabled=&#8221;0&#8243;]<\/p>\n<p><span style=\"font-weight: 400;\">Junto a <a href=\"https:\/\/www.instagram.com\/Aguipeluffobonilla\">@Aguipeluffobonilla<\/a> transformamos un antiguo local comercial en un espacio innovador y acogedor que te invita a explorar destinos fascinantes.<\/span><\/p>\n<p>[\/et_pb_text][\/et_pb_column][et_pb_column type=&#8221;1_2&#8243; _builder_version=&#8221;4.24.0&#8243; _module_preset=&#8221;default&#8221; global_colors_info=&#8221;{}&#8221;][et_pb_image src=&#8221;http:\/\/ametespacios.com\/wp-content\/uploads\/2024\/01\/Amet-Portfolio_California-1.png&#8221; title_text=&#8221;Amet &#8211; Portfolio_California 1&#8243; _builder_version=&#8221;4.24.0&#8243; _module_preset=&#8221;default&#8221; hover_enabled=&#8221;0&#8243; border_radii=&#8221;off|120px|33px|120px|33px&#8221; global_colors_info=&#8221;{}&#8221; sticky_enabled=&#8221;0&#8243;][\/et_pb_image][\/et_pb_column][\/et_pb_row][et_pb_row column_structure=&#8221;1_2,1_2&#8243; make_equal=&#8221;on&#8221; _builder_version=&#8221;4.24.0&#8243; _module_preset=&#8221;default&#8221; custom_css_main_element=&#8221;align-self:center;||&#8221; global_colors_info=&#8221;{}&#8221;][et_pb_column type=&#8221;1_2&#8243; _builder_version=&#8221;4.24.0&#8243; _module_preset=&#8221;default&#8221; global_colors_info=&#8221;{}&#8221;][et_pb_image src=&#8221;http:\/\/ametespacios.com\/wp-content\/uploads\/2024\/01\/Amet-Portfolio_California-3-1.png&#8221; title_text=&#8221;Amet &#8211; Portfolio_California 3&#8243; _builder_version=&#8221;4.24.0&#8243; _module_preset=&#8221;default&#8221; border_radii=&#8221;off|75px|20px|25px|20px&#8221; global_colors_info=&#8221;{}&#8221;][\/et_pb_image][\/et_pb_column][et_pb_column type=&#8221;1_2&#8243; _builder_version=&#8221;4.24.0&#8243; _module_preset=&#8221;default&#8221; custom_css_main_element=&#8221;align-self: center; &#8221; global_colors_info=&#8221;{}&#8221;][et_pb_text _builder_version=&#8221;4.24.0&#8243; _module_preset=&#8221;default&#8221; text_font_size=&#8221;18px&#8221; global_colors_info=&#8221;{}&#8221;]<\/p>\n<p><span style=\"font-weight: 400;\">A pesar de su est\u00e9tica antigua, aprovechamos al m\u00e1ximo las dimensiones y disposici\u00f3n del lugar para crear una distribuci\u00f3n que se adapte perfectamente a las necesidades del cliente y de los usuarios. Nos esforzamos por ofrecer una experiencia \u00fanica, transport\u00e1ndonos a cualquier rinc\u00f3n del mundo a trav\u00e9s de la cuidada est\u00e9tica del espacio.<\/span><\/p>\n<p>[\/et_pb_text][\/et_pb_column][\/et_pb_row][et_pb_row _builder_version=&#8221;4.24.0&#8243; _module_preset=&#8221;default&#8221; global_colors_info=&#8221;{}&#8221;][et_pb_column type=&#8221;4_4&#8243; _builder_version=&#8221;4.24.0&#8243; _module_preset=&#8221;default&#8221; global_colors_info=&#8221;{}&#8221;][et_pb_image src=&#8221;http:\/\/ametespacios.com\/wp-content\/uploads\/2024\/01\/Amet-Portfolio_California-2-1.png&#8221; title_text=&#8221;Amet &#8211; Portfolio_California 2&#8243; _builder_version=&#8221;4.24.0&#8243; _module_preset=&#8221;default&#8221; border_radii=&#8221;off|75px|75px|20px|20px&#8221; global_colors_info=&#8221;{}&#8221;][\/et_pb_image][\/et_pb_column][\/et_pb_row][et_pb_row column_structure=&#8221;1_2,1_2&#8243; make_equal=&#8221;on&#8221; _builder_version=&#8221;4.24.0&#8243; _module_preset=&#8221;default&#8221; custom_css_main_element=&#8221;align-self:center;||&#8221; global_colors_info=&#8221;{}&#8221;][et_pb_column type=&#8221;1_2&#8243; _builder_version=&#8221;4.24.0&#8243; _module_preset=&#8221;default&#8221; custom_css_main_element=&#8221;align-self: center; &#8221; global_colors_info=&#8221;{}&#8221;][et_pb_text _builder_version=&#8221;4.24.0&#8243; _module_preset=&#8221;default&#8221; text_font_size=&#8221;18px&#8221; global_colors_info=&#8221;{}&#8221;]<\/p>\n<p><span style=\"font-weight: 400;\">Logramos calidez con el uso de tonos neutros y materiales envolventes que hemos seleccionado para lograr una atm\u00f3sfera acogedora. Nuestro compromiso es crear espacios no solo funcionales, sino tambi\u00e9n visualmente cautivadores.\u00a0<\/span><\/p>\n<p><span style=\"font-weight: 400;\">\u00a1Te invitamos a vivir la emoci\u00f3n de planificar tus pr\u00f3ximas aventuras en un entorno que despierta la pasi\u00f3n por viajar junto a <a href=\"https:\/\/instagram.com\/californiaevt\">@californiaevt<\/a> !<\/span><\/p>\n<p>[\/et_pb_text][et_pb_button button_url=&#8221;https:\/\/www.instagram.com\/reel\/CzeZ6t-gk7z\/&#8221; button_text=&#8221;Mir\u00e1 el proceso ac\u00e1&#8221; button_alignment=&#8221;center&#8221; _builder_version=&#8221;4.24.0&#8243; _module_preset=&#8221;default&#8221; custom_button=&#8221;on&#8221; button_text_size=&#8221;17px&#8221; button_text_color=&#8221;#393939&#8243; button_bg_color=&#8221;#9BBABC&#8221; button_border_width=&#8221;0px&#8221; button_border_radius=&#8221;8px&#8221; button_font=&#8221;Nebula bold||||||||&#8221; button_use_icon=&#8221;off&#8221; hover_enabled=&#8221;0&#8243; global_colors_info=&#8221;{}&#8221; sticky_enabled=&#8221;0&#8243;][\/et_pb_button][\/et_pb_column][et_pb_column type=&#8221;1_2&#8243; _builder_version=&#8221;4.24.0&#8243; _module_preset=&#8221;default&#8221; global_colors_info=&#8221;{}&#8221;][et_pb_image src=&#8221;http:\/\/ametespacios.com\/wp-content\/uploads\/2024\/01\/thumbnail_oficina.png&#8221; title_text=&#8221;thumbnail_oficina&#8221; _builder_version=&#8221;4.24.0&#8243; _module_preset=&#8221;default&#8221; border_radii=&#8221;off|75px|20px|75px|20px&#8221; global_colors_info=&#8221;{}&#8221;][\/et_pb_image][\/et_pb_column][\/et_pb_row][\/et_pb_section]<\/p>\n","protected":false},"excerpt":{"rendered":"<p>Junto a @Aguipeluffobonilla transformamos un antiguo local comercial en un espacio innovador y acogedor que te invita a explorar destinos fascinantes.A pesar de su est\u00e9tica antigua, aprovechamos al m\u00e1ximo las dimensiones y disposici\u00f3n del lugar para crear una distribuci\u00f3n que se adapte perfectamente a las necesidades del cliente y de los usuarios. Nos esforzamos por [&hellip;]<\/p>\n","protected":false},"author":1,"featured_media":0,"parent":0,"menu_order":0,"comment_status":"closed","ping_status":"closed","template":"","meta":{"_et_pb_use_builder":"on","_et_pb_old_content":"","_et_gb_content_width":"","_uag_custom_page_level_css":"","footnotes":""},"class_list":["post-952","page","type-page","status-publish","hentry"],"uagb_featured_image_src":{"full":false,"thumbnail":false,"medium":false,"medium_large":false,"large":false,"1536x1536":false,"2048x2048":false,"et-pb-post-main-image":false,"et-pb-post-main-image-fullwidth":false,"et-pb-portfolio-image":false,"et-pb-portfolio-module-image":false,"et-pb-portfolio-image-single":false,"et-pb-gallery-module-image-portrait":false,"et-pb-post-main-image-fullwidth-large":false,"et-pb-image--responsive--desktop":false,"et-pb-image--responsive--tablet":false,"et-pb-image--responsive--phone":false},"uagb_author_info":{"display_name":"ametespacios.com","author_link":"https:\/\/ametespacios.com\/index.php\/author\/ametespacios-com\/"},"uagb_comment_info":0,"uagb_excerpt":"Junto a @Aguipeluffobonilla transformamos un antiguo local comercial en un espacio innovador y acogedor que te invita a explorar destinos fascinantes.A pesar de su est\u00e9tica antigua, aprovechamos al m\u00e1ximo las dimensiones y disposici\u00f3n del lugar para crear una distribuci\u00f3n que se adapte perfectamente a las necesidades del cliente y de los usuarios. Nos esforzamos por&hellip;","_links":{"self":[{"href":"https:\/\/ametespacios.com\/index.php\/wp-json\/wp\/v2\/pages\/952","targetHints":{"allow":["GET"]}}],"collection":[{"href":"https:\/\/ametespacios.com\/index.php\/wp-json\/wp\/v2\/pages"}],"about":[{"href":"https:\/\/ametespacios.com\/index.php\/wp-json\/wp\/v2\/types\/page"}],"author":[{"embeddable":true,"href":"https:\/\/ametespacios.com\/index.php\/wp-json\/wp\/v2\/users\/1"}],"replies":[{"embeddable":true,"href":"https:\/\/ametespacios.com\/index.php\/wp-json\/wp\/v2\/comments?post=952"}],"version-history":[{"count":8,"href":"https:\/\/ametespacios.com\/index.php\/wp-json\/wp\/v2\/pages\/952\/revisions"}],"predecessor-version":[{"id":1088,"href":"https:\/\/ametespacios.com\/index.php\/wp-json\/wp\/v2\/pages\/952\/revisions\/1088"}],"wp:attachment":[{"href":"https:\/\/ametespacios.com\/index.php\/wp-json\/wp\/v2\/media?parent=952"}],"curies":[{"name":"wp","href":"https:\/\/api.w.org\/{rel}","templated":true}]}}