{"id":939,"date":"2024-01-30T10:37:19","date_gmt":"2024-01-30T13:37:19","guid":{"rendered":"https:\/\/ametespacios.com\/?page_id=939"},"modified":"2025-12-12T09:49:03","modified_gmt":"2025-12-12T12:49:03","slug":"oficina-nordic","status":"publish","type":"page","link":"https:\/\/ametespacios.com\/index.php\/oficina-nordic\/","title":{"rendered":"Oficina Nordic"},"content":{"rendered":"<p>[et_pb_section fb_built=&#8221;1&#8243; _builder_version=&#8221;4.24.0&#8243; _module_preset=&#8221;default&#8221; global_colors_info=&#8221;{}&#8221;][et_pb_row column_structure=&#8221;1_2,1_2&#8243; make_equal=&#8221;on&#8221; _builder_version=&#8221;4.24.0&#8243; _module_preset=&#8221;default&#8221; custom_css_main_element=&#8221;align-self:center;||&#8221; global_colors_info=&#8221;{}&#8221;][et_pb_column type=&#8221;1_2&#8243; _builder_version=&#8221;4.24.0&#8243; _module_preset=&#8221;default&#8221; custom_css_main_element=&#8221;align-self: center; &#8221; global_colors_info=&#8221;{}&#8221;][et_pb_blurb title=&#8221;Oficina Nordic&#8221; image=&#8221;http:\/\/ametespacios.com\/wp-content\/uploads\/2023\/11\/Amet-insumos-web-09.png&#8221; icon_placement=&#8221;left&#8221; image_icon_width=&#8221;200%&#8221; _builder_version=&#8221;4.24.0&#8243; _module_preset=&#8221;default&#8221; header_level=&#8221;h5&#8243; header_font=&#8221;Nebula bold||||||||&#8221; header_text_color=&#8221;#E7BD44&#8243; header_font_size=&#8221;40px&#8221; body_font=&#8221;Nebula bold||||||||&#8221; body_text_color=&#8221;#E7BD44&#8243; global_colors_info=&#8221;{}&#8221;][\/et_pb_blurb][et_pb_text _builder_version=&#8221;4.24.0&#8243; _module_preset=&#8221;default&#8221; text_font_size=&#8221;18px&#8221; global_colors_info=&#8221;{}&#8221;]<\/p>\n<p><span style=\"font-weight: 400;\">Desde el inicio aspiramos a dar identidad al local reflejando la imagen de la marca: modernidad, confianza y profesionalismo desde el primer paso dentro de la oficina. Personalizamos la distribuci\u00f3n para satisfacer las necesidades del cliente, centr\u00e1ndonos en comunicar una est\u00e9tica elegante que proyecta la solidez y compromiso.<\/span><\/p>\n<p>[\/et_pb_text][\/et_pb_column][et_pb_column type=&#8221;1_2&#8243; _builder_version=&#8221;4.24.0&#8243; _module_preset=&#8221;default&#8221; global_colors_info=&#8221;{}&#8221;][et_pb_image src=&#8221;http:\/\/ametespacios.com\/wp-content\/uploads\/2025\/12\/Imagenes-Nordic-30-scaled.jpg&#8221; title_text=&#8221;Imagenes Nordic-30&#8243; _builder_version=&#8221;4.27.5&#8243; _module_preset=&#8221;default&#8221; hover_enabled=&#8221;0&#8243; border_radii=&#8221;off|120px|33px|120px|33px&#8221; global_colors_info=&#8221;{}&#8221; sticky_enabled=&#8221;0&#8243;][\/et_pb_image][\/et_pb_column][\/et_pb_row][et_pb_row column_structure=&#8221;1_2,1_2&#8243; make_equal=&#8221;on&#8221; _builder_version=&#8221;4.24.0&#8243; _module_preset=&#8221;default&#8221; custom_css_main_element=&#8221;align-self:center;||&#8221; global_colors_info=&#8221;{}&#8221;][et_pb_column type=&#8221;1_2&#8243; _builder_version=&#8221;4.24.0&#8243; _module_preset=&#8221;default&#8221; global_colors_info=&#8221;{}&#8221;][et_pb_gallery _builder_version=&#8221;4.27.5&#8243; _module_preset=&#8221;default&#8221; gallery_ids=&#8221;1174,1177,1175,1171&#8243; fullwidth=&#8221;on&#8221; border_radii=&#8221;off|121px|33px|121px|33px&#8221; hover_enabled=&#8221;0&#8243; sticky_enabled=&#8221;0&#8243;][\/et_pb_gallery][\/et_pb_column][et_pb_column type=&#8221;1_2&#8243; _builder_version=&#8221;4.24.0&#8243; _module_preset=&#8221;default&#8221; custom_css_main_element=&#8221;align-self: center; &#8221; global_colors_info=&#8221;{}&#8221;][et_pb_text _builder_version=&#8221;4.24.0&#8243; _module_preset=&#8221;default&#8221; text_font_size=&#8221;18px&#8221; global_colors_info=&#8221;{}&#8221;]<\/p>\n<p><span style=\"font-weight: 400;\">Cada elemento, cuidadosamente seleccionado, refleja una est\u00e9tica vanguardista, donde fusionamos innovaci\u00f3n en materiales, dise\u00f1o minimalista, tonos neutros y materiales c\u00e1lidos que crean una atm\u00f3sfera acogedora y contribuyen a un ambiente agradable y reconfortante.<\/span><\/p>\n<p>[\/et_pb_text][\/et_pb_column][\/et_pb_row][et_pb_row _builder_version=&#8221;4.24.0&#8243; _module_preset=&#8221;default&#8221; global_colors_info=&#8221;{}&#8221;][et_pb_column type=&#8221;4_4&#8243; _builder_version=&#8221;4.24.0&#8243; _module_preset=&#8221;default&#8221; global_colors_info=&#8221;{}&#8221;][et_pb_image src=&#8221;http:\/\/ametespacios.com\/wp-content\/uploads\/2024\/01\/Amet-Portfolio_Nordic-3.png&#8221; title_text=&#8221;Amet &#8211; Portfolio_Nordic 3&#8243; _builder_version=&#8221;4.24.0&#8243; _module_preset=&#8221;default&#8221; border_radii=&#8221;off|75px|75px|20px|20px&#8221; global_colors_info=&#8221;{}&#8221;][\/et_pb_image][\/et_pb_column][\/et_pb_row][et_pb_row column_structure=&#8221;1_2,1_2&#8243; make_equal=&#8221;on&#8221; _builder_version=&#8221;4.24.0&#8243; _module_preset=&#8221;default&#8221; custom_css_main_element=&#8221;align-self:center;||&#8221; global_colors_info=&#8221;{}&#8221;][et_pb_column type=&#8221;1_2&#8243; _builder_version=&#8221;4.24.0&#8243; _module_preset=&#8221;default&#8221; custom_css_main_element=&#8221;align-self: center; &#8221; global_colors_info=&#8221;{}&#8221;][et_pb_text _builder_version=&#8221;4.24.0&#8243; _module_preset=&#8221;default&#8221; text_font_size=&#8221;18px&#8221; global_colors_info=&#8221;{}&#8221;]<\/p>\n<p><span style=\"font-weight: 400;\">Desde \u00e1reas de espera con iluminaci\u00f3n c\u00e1lida hasta la disposici\u00f3n ergon\u00f3mica de los espacios de trabajo, cada detalle se ha pensado para ofrecer una experiencia placentera tanto para agentes como para clientes. Este proyecto ha logrado una transformaci\u00f3n integral, proyectando una identidad distintiva que transmite los valores de su marca.<\/span><\/p>\n<p>[\/et_pb_text][et_pb_button button_url=&#8221;https:\/\/www.instagram.com\/p\/C1CbNB7gnN4\/&#8221; button_text=&#8221;Mir\u00e1 el proceso ac\u00e1!&#8221; button_alignment=&#8221;center&#8221; _builder_version=&#8221;4.24.0&#8243; _module_preset=&#8221;default&#8221; custom_button=&#8221;on&#8221; button_text_size=&#8221;17px&#8221; button_text_color=&#8221;#393939&#8243; button_bg_color=&#8221;#9BBABC&#8221; button_border_color=&#8221;RGBA(255,255,255,0)&#8221; button_border_radius=&#8221;9px&#8221; button_font=&#8221;Nebula bold||||||||&#8221; button_use_icon=&#8221;off&#8221; global_colors_info=&#8221;{}&#8221;][\/et_pb_button][\/et_pb_column][et_pb_column type=&#8221;1_2&#8243; _builder_version=&#8221;4.24.0&#8243; _module_preset=&#8221;default&#8221; global_colors_info=&#8221;{}&#8221;][et_pb_gallery _builder_version=&#8221;4.27.5&#8243; _module_preset=&#8221;default&#8221; gallery_ids=&#8221;1178,1172,1170&#8243; fullwidth=&#8221;on&#8221; border_radii=&#8221;off|33px|121px|33px|121px&#8221; hover_enabled=&#8221;0&#8243; sticky_enabled=&#8221;0&#8243;][\/et_pb_gallery][\/et_pb_column][\/et_pb_row][\/et_pb_section][et_pb_section fb_built=&#8221;1&#8243; _builder_version=&#8221;4.24.0&#8243; _module_preset=&#8221;default&#8221; custom_padding=&#8221;0px|||||&#8221; global_colors_info=&#8221;{}&#8221;][et_pb_row _builder_version=&#8221;4.24.0&#8243; _module_preset=&#8221;default&#8221; custom_padding=&#8221;2px||6px|||&#8221; global_colors_info=&#8221;{}&#8221;][et_pb_column type=&#8221;4_4&#8243; _builder_version=&#8221;4.24.0&#8243; _module_preset=&#8221;default&#8221; global_colors_info=&#8221;{}&#8221;][et_pb_button button_text=&#8221;Trabajemos juntos &#8221; button_alignment=&#8221;center&#8221; _builder_version=&#8221;4.24.0&#8243; _module_preset=&#8221;default&#8221; custom_button=&#8221;on&#8221; button_text_color=&#8221;#FFFFFF&#8221; button_bg_color=&#8221;#E7BD44&#8243; button_border_radius=&#8221;14px&#8221; button_use_icon=&#8221;off&#8221; global_colors_info=&#8221;{}&#8221;][\/et_pb_button][\/et_pb_column][\/et_pb_row][\/et_pb_section]<\/p>\n","protected":false},"excerpt":{"rendered":"<p>Desde el inicio aspiramos a dar identidad al local reflejando la imagen de la marca: modernidad, confianza y profesionalismo desde el primer paso dentro de la oficina. Personalizamos la distribuci\u00f3n para satisfacer las necesidades del cliente, centr\u00e1ndonos en comunicar una est\u00e9tica elegante que proyecta la solidez y compromiso.Cada elemento, cuidadosamente seleccionado, refleja una est\u00e9tica vanguardista, [&hellip;]<\/p>\n","protected":false},"author":1,"featured_media":0,"parent":0,"menu_order":0,"comment_status":"closed","ping_status":"closed","template":"","meta":{"_et_pb_use_builder":"on","_et_pb_old_content":"","_et_gb_content_width":"","_uag_custom_page_level_css":"","footnotes":""},"class_list":["post-939","page","type-page","status-publish","hentry"],"uagb_featured_image_src":{"full":false,"thumbnail":false,"medium":false,"medium_large":false,"large":false,"1536x1536":false,"2048x2048":false,"et-pb-post-main-image":false,"et-pb-post-main-image-fullwidth":false,"et-pb-portfolio-image":false,"et-pb-portfolio-module-image":false,"et-pb-portfolio-image-single":false,"et-pb-gallery-module-image-portrait":false,"et-pb-post-main-image-fullwidth-large":false,"et-pb-image--responsive--desktop":false,"et-pb-image--responsive--tablet":false,"et-pb-image--responsive--phone":false},"uagb_author_info":{"display_name":"ametespacios.com","author_link":"https:\/\/ametespacios.com\/index.php\/author\/ametespacios-com\/"},"uagb_comment_info":0,"uagb_excerpt":"Desde el inicio aspiramos a dar identidad al local reflejando la imagen de la marca: modernidad, confianza y profesionalismo desde el primer paso dentro de la oficina. Personalizamos la distribuci\u00f3n para satisfacer las necesidades del cliente, centr\u00e1ndonos en comunicar una est\u00e9tica elegante que proyecta la solidez y compromiso.Cada elemento, cuidadosamente seleccionado, refleja una est\u00e9tica vanguardista,&hellip;","_links":{"self":[{"href":"https:\/\/ametespacios.com\/index.php\/wp-json\/wp\/v2\/pages\/939","targetHints":{"allow":["GET"]}}],"collection":[{"href":"https:\/\/ametespacios.com\/index.php\/wp-json\/wp\/v2\/pages"}],"about":[{"href":"https:\/\/ametespacios.com\/index.php\/wp-json\/wp\/v2\/types\/page"}],"author":[{"embeddable":true,"href":"https:\/\/ametespacios.com\/index.php\/wp-json\/wp\/v2\/users\/1"}],"replies":[{"embeddable":true,"href":"https:\/\/ametespacios.com\/index.php\/wp-json\/wp\/v2\/comments?post=939"}],"version-history":[{"count":10,"href":"https:\/\/ametespacios.com\/index.php\/wp-json\/wp\/v2\/pages\/939\/revisions"}],"predecessor-version":[{"id":1179,"href":"https:\/\/ametespacios.com\/index.php\/wp-json\/wp\/v2\/pages\/939\/revisions\/1179"}],"wp:attachment":[{"href":"https:\/\/ametespacios.com\/index.php\/wp-json\/wp\/v2\/media?parent=939"}],"curies":[{"name":"wp","href":"https:\/\/api.w.org\/{rel}","templated":true}]}}