{"id":1131,"date":"2025-12-10T14:31:49","date_gmt":"2025-12-10T17:31:49","guid":{"rendered":"https:\/\/ametespacios.com\/?page_id=1131"},"modified":"2025-12-10T14:31:49","modified_gmt":"2025-12-10T17:31:49","slug":"ricollini","status":"publish","type":"page","link":"https:\/\/ametespacios.com\/index.php\/ricollini\/","title":{"rendered":"Ricollini"},"content":{"rendered":"<p>[et_pb_section fb_built=&#8221;1&#8243; _builder_version=&#8221;4.24.0&#8243; _module_preset=&#8221;default&#8221; global_colors_info=&#8221;{}&#8221; theme_builder_area=&#8221;post_content&#8221;][et_pb_row column_structure=&#8221;1_2,1_2&#8243; make_equal=&#8221;on&#8221; _builder_version=&#8221;4.24.0&#8243; _module_preset=&#8221;default&#8221; custom_css_main_element=&#8221;align-self:center;||&#8221; global_colors_info=&#8221;{}&#8221; theme_builder_area=&#8221;post_content&#8221;][et_pb_column type=&#8221;1_2&#8243; _builder_version=&#8221;4.24.0&#8243; _module_preset=&#8221;default&#8221; custom_css_main_element=&#8221;align-self: center; &#8221; global_colors_info=&#8221;{}&#8221; theme_builder_area=&#8221;post_content&#8221;][et_pb_blurb title=&#8221;Locales Comerciales Riccollini&#8221; image=&#8221;http:\/\/ametespacios.com\/wp-content\/uploads\/2023\/11\/Amet-insumos-web-09.png&#8221; icon_placement=&#8221;left&#8221; image_icon_width=&#8221;200%&#8221; _builder_version=&#8221;4.24.0&#8243; _module_preset=&#8221;default&#8221; header_level=&#8221;h5&#8243; header_font=&#8221;Nebula bold||||||||&#8221; header_text_color=&#8221;#E7BD44&#8243; header_font_size=&#8221;40px&#8221; body_font=&#8221;Nebula bold||||||||&#8221; body_text_color=&#8221;#E7BD44&#8243; global_colors_info=&#8221;{}&#8221; theme_builder_area=&#8221;post_content&#8221;][\/et_pb_blurb][et_pb_text _builder_version=&#8221;4.24.0&#8243; _module_preset=&#8221;default&#8221; text_font_size=&#8221;18px&#8221; global_colors_info=&#8221;{}&#8221; theme_builder_area=&#8221;post_content&#8221;]<\/p>\n<p><strong>Adaptamos la identidad est\u00e9tica de la marca a las caracter\u00edsticas espec\u00edficas de cada nueva sucursal,<\/strong> ajustando paleta crom\u00e1tica, materiales y lenguaje espacial a las dimensiones, condiciones t\u00e9cnicas y recursos disponibles en cada locaci\u00f3n. Tambi\u00e9n definimos la disposici\u00f3n del mobiliario, equilibrando los requerimientos operativos con las posibilidades de cada local para optimizar circulaci\u00f3n y funcionalidad.<\/p>\n<p>[\/et_pb_text][\/et_pb_column][et_pb_column type=&#8221;1_2&#8243; _builder_version=&#8221;4.24.0&#8243; _module_preset=&#8221;default&#8221; global_colors_info=&#8221;{}&#8221; theme_builder_area=&#8221;post_content&#8221;][et_pb_image src=&#8221;http:\/\/ametespacios.com\/wp-content\/uploads\/2025\/12\/Fotos-Ricollini-14.jpg&#8221; title_text=&#8221;Fotos Ricollini-14&#8243; _builder_version=&#8221;4.27.5&#8243; _module_preset=&#8221;default&#8221; hover_enabled=&#8221;0&#8243; border_radii=&#8221;off|120px|33px|120px|33px&#8221; global_colors_info=&#8221;{}&#8221; theme_builder_area=&#8221;post_content&#8221; sticky_enabled=&#8221;0&#8243;][\/et_pb_image][\/et_pb_column][\/et_pb_row][et_pb_row _builder_version=&#8221;4.24.0&#8243; _module_preset=&#8221;default&#8221; global_colors_info=&#8221;{}&#8221; theme_builder_area=&#8221;post_content&#8221;][et_pb_column type=&#8221;4_4&#8243; _builder_version=&#8221;4.24.0&#8243; _module_preset=&#8221;default&#8221; global_colors_info=&#8221;{}&#8221; theme_builder_area=&#8221;post_content&#8221;][et_pb_gallery _builder_version=&#8221;4.27.5&#8243; _module_preset=&#8221;default&#8221; theme_builder_area=&#8221;post_content&#8221; gallery_ids=&#8221;1138,1137&#8243; fullwidth=&#8221;on&#8221; border_radii=&#8221;off|121px|33px|121px|33px&#8221; hover_enabled=&#8221;0&#8243; sticky_enabled=&#8221;0&#8243;][\/et_pb_gallery][\/et_pb_column][\/et_pb_row][et_pb_row column_structure=&#8221;1_2,1_2&#8243; make_equal=&#8221;on&#8221; _builder_version=&#8221;4.27.5&#8243; _module_preset=&#8221;default&#8221; hover_enabled=&#8221;0&#8243; custom_css_main_element=&#8221;align-self:center;||&#8221; global_colors_info=&#8221;{}&#8221; theme_builder_area=&#8221;post_content&#8221; sticky_enabled=&#8221;0&#8243;][et_pb_column type=&#8221;1_2&#8243; _builder_version=&#8221;4.24.0&#8243; _module_preset=&#8221;default&#8221; global_colors_info=&#8221;{}&#8221; theme_builder_area=&#8221;post_content&#8221;][et_pb_gallery _builder_version=&#8221;4.27.5&#8243; _module_preset=&#8221;default&#8221; theme_builder_area=&#8221;post_content&#8221; gallery_ids=&#8221;1135,1136,1139&#8243; fullwidth=&#8221;on&#8221; border_radii=&#8221;off|121px|33px|121px|33px&#8221; hover_enabled=&#8221;0&#8243; sticky_enabled=&#8221;0&#8243;][\/et_pb_gallery][\/et_pb_column][et_pb_column type=&#8221;1_2&#8243; _builder_version=&#8221;4.24.0&#8243; _module_preset=&#8221;default&#8221; custom_css_main_element=&#8221;align-self: center; &#8221; global_colors_info=&#8221;{}&#8221; theme_builder_area=&#8221;post_content&#8221;][et_pb_text _builder_version=&#8221;4.24.0&#8243; _module_preset=&#8221;default&#8221; text_font_size=&#8221;18px&#8221; global_colors_info=&#8221;{}&#8221; theme_builder_area=&#8221;post_content&#8221;]<\/p>\n<p>Desde el dise\u00f1o inicial hasta la planificaci\u00f3n de su ejecuci\u00f3n, <strong>cada decisi\u00f3n busca transformar la propuesta de los locales en espacios reales, coherentes y memorables.<\/strong><\/p>\n<p>Buscamos que la calidad de sus platos se vean reflejados en en un espacio c\u00e1lido, est\u00e9tico y en sinton\u00eda con los valores de la marca.<\/p>\n<p>[\/et_pb_text][\/et_pb_column][\/et_pb_row][\/et_pb_section][et_pb_section fb_built=&#8221;1&#8243; _builder_version=&#8221;4.24.0&#8243; _module_preset=&#8221;default&#8221; custom_padding=&#8221;0px|||||&#8221; global_colors_info=&#8221;{}&#8221; theme_builder_area=&#8221;post_content&#8221;][et_pb_row _builder_version=&#8221;4.24.0&#8243; _module_preset=&#8221;default&#8221; custom_padding=&#8221;2px||6px|||&#8221; global_colors_info=&#8221;{}&#8221; theme_builder_area=&#8221;post_content&#8221;][et_pb_column type=&#8221;4_4&#8243; _builder_version=&#8221;4.24.0&#8243; _module_preset=&#8221;default&#8221; global_colors_info=&#8221;{}&#8221; theme_builder_area=&#8221;post_content&#8221;][et_pb_button button_text=&#8221;Trabajemos juntos &#8221; button_alignment=&#8221;center&#8221; _builder_version=&#8221;4.24.0&#8243; _module_preset=&#8221;default&#8221; custom_button=&#8221;on&#8221; button_text_color=&#8221;#FFFFFF&#8221; button_bg_color=&#8221;#E7BD44&#8243; button_border_radius=&#8221;14px&#8221; button_use_icon=&#8221;off&#8221; global_colors_info=&#8221;{}&#8221; theme_builder_area=&#8221;post_content&#8221;][\/et_pb_button][\/et_pb_column][\/et_pb_row][\/et_pb_section]<\/p>\n","protected":false},"excerpt":{"rendered":"<p>Adaptamos la identidad est\u00e9tica de la marca a las caracter\u00edsticas espec\u00edficas de cada nueva sucursal, ajustando paleta crom\u00e1tica, materiales y lenguaje espacial a las dimensiones, condiciones t\u00e9cnicas y recursos disponibles en cada locaci\u00f3n. Tambi\u00e9n definimos la disposici\u00f3n del mobiliario, equilibrando los requerimientos operativos con las posibilidades de cada local para optimizar circulaci\u00f3n y funcionalidad.Desde el [&hellip;]<\/p>\n","protected":false},"author":1,"featured_media":0,"parent":0,"menu_order":0,"comment_status":"closed","ping_status":"closed","template":"","meta":{"_et_pb_use_builder":"on","_et_pb_old_content":"","_et_gb_content_width":"","_uag_custom_page_level_css":"","footnotes":""},"class_list":["post-1131","page","type-page","status-publish","hentry"],"uagb_featured_image_src":{"full":false,"thumbnail":false,"medium":false,"medium_large":false,"large":false,"1536x1536":false,"2048x2048":false,"et-pb-post-main-image":false,"et-pb-post-main-image-fullwidth":false,"et-pb-portfolio-image":false,"et-pb-portfolio-module-image":false,"et-pb-portfolio-image-single":false,"et-pb-gallery-module-image-portrait":false,"et-pb-post-main-image-fullwidth-large":false,"et-pb-image--responsive--desktop":false,"et-pb-image--responsive--tablet":false,"et-pb-image--responsive--phone":false},"uagb_author_info":{"display_name":"ametespacios.com","author_link":"https:\/\/ametespacios.com\/index.php\/author\/ametespacios-com\/"},"uagb_comment_info":0,"uagb_excerpt":"Adaptamos la identidad est\u00e9tica de la marca a las caracter\u00edsticas espec\u00edficas de cada nueva sucursal, ajustando paleta crom\u00e1tica, materiales y lenguaje espacial a las dimensiones, condiciones t\u00e9cnicas y recursos disponibles en cada locaci\u00f3n. Tambi\u00e9n definimos la disposici\u00f3n del mobiliario, equilibrando los requerimientos operativos con las posibilidades de cada local para optimizar circulaci\u00f3n y funcionalidad.Desde el&hellip;","_links":{"self":[{"href":"https:\/\/ametespacios.com\/index.php\/wp-json\/wp\/v2\/pages\/1131","targetHints":{"allow":["GET"]}}],"collection":[{"href":"https:\/\/ametespacios.com\/index.php\/wp-json\/wp\/v2\/pages"}],"about":[{"href":"https:\/\/ametespacios.com\/index.php\/wp-json\/wp\/v2\/types\/page"}],"author":[{"embeddable":true,"href":"https:\/\/ametespacios.com\/index.php\/wp-json\/wp\/v2\/users\/1"}],"replies":[{"embeddable":true,"href":"https:\/\/ametespacios.com\/index.php\/wp-json\/wp\/v2\/comments?post=1131"}],"version-history":[{"count":2,"href":"https:\/\/ametespacios.com\/index.php\/wp-json\/wp\/v2\/pages\/1131\/revisions"}],"predecessor-version":[{"id":1141,"href":"https:\/\/ametespacios.com\/index.php\/wp-json\/wp\/v2\/pages\/1131\/revisions\/1141"}],"wp:attachment":[{"href":"https:\/\/ametespacios.com\/index.php\/wp-json\/wp\/v2\/media?parent=1131"}],"curies":[{"name":"wp","href":"https:\/\/api.w.org\/{rel}","templated":true}]}}